{"id":9180,"date":"2024-11-19T19:46:16","date_gmt":"2024-11-19T18:46:16","guid":{"rendered":"https:\/\/visualgrafico.es\/?page_id=9180"},"modified":"2024-11-19T19:53:44","modified_gmt":"2024-11-19T18:53:44","slug":"politica-de-privacidad","status":"publish","type":"page","link":"https:\/\/visualgrafico.es\/index.php\/politica-de-privacidad\/","title":{"rendered":"Politica de Privacidad"},"content":{"rendered":"\t\t<div data-elementor-type=\"wp-post\" data-elementor-id=\"9180\" class=\"elementor elementor-9180\">\n\t\t\t\t\t\t<section class=\"elementor-section elementor-top-section elementor-element elementor-element-6594732c elementor-section-content-middle elementor-section-boxed elementor-section-height-default elementor-section-height-default\" data-id=\"6594732c\" data-element_type=\"section\" data-e-type=\"section\" data-settings=\"{&quot;background_background&quot;:&quot;classic&quot;}\">\n\t\t\t\t\t\t\t<div class=\"elementor-background-overlay\"><\/div>\n\t\t\t\t\t\t\t<div class=\"elementor-container elementor-column-gap-wider\">\n\t\t\t\t\t<div class=\"elementor-column elementor-col-100 elementor-top-column elementor-element elementor-element-7359fe92\" data-id=\"7359fe92\" data-element_type=\"column\" data-e-type=\"column\">\n\t\t\t<div class=\"elementor-widget-wrap\">\n\t\t\t\t\t\t\t<\/div>\n\t\t<\/div>\n\t\t\t\t\t<\/div>\n\t\t<\/section>\n\t\t\t\t<section class=\"elementor-section elementor-top-section elementor-element elementor-element-xrbz8zq elementor-section-full_width elementor-section-height-default elementor-section-height-default\" data-id=\"xrbz8zq\" data-element_type=\"section\" data-e-type=\"section\">\n\t\t\t\t\t\t<div class=\"elementor-container elementor-column-gap-no\">\n\t\t\t\t\t<div class=\"elementor-column elementor-col-100 elementor-top-column elementor-element elementor-element-9f7917c\" data-id=\"9f7917c\" data-element_type=\"column\" data-e-type=\"column\">\n\t\t\t<div class=\"elementor-widget-wrap\">\n\t\t\t\t\t\t\t<\/div>\n\t\t<\/div>\n\t\t\t\t\t<\/div>\n\t\t<\/section>\n\t\t\t\t<section class=\"elementor-section elementor-top-section elementor-element elementor-element-4nefth1 elementor-section-content-middle elementor-section-boxed elementor-section-height-default elementor-section-height-default\" data-id=\"4nefth1\" data-element_type=\"section\" data-e-type=\"section\" data-settings=\"{&quot;background_background&quot;:&quot;classic&quot;}\">\n\t\t\t\t\t\t\t<div class=\"elementor-background-overlay\"><\/div>\n\t\t\t\t\t\t\t<div class=\"elementor-container elementor-column-gap-no\">\n\t\t\t\t\t<div class=\"elementor-column elementor-col-100 elementor-top-column elementor-element elementor-element-e6c3cb2\" data-id=\"e6c3cb2\" data-element_type=\"column\" data-e-type=\"column\" data-settings=\"{&quot;background_background&quot;:&quot;classic&quot;}\">\n\t\t\t<div class=\"elementor-widget-wrap elementor-element-populated\">\n\t\t\t\t\t\t<section class=\"elementor-section elementor-inner-section elementor-element elementor-element-8fe3c28 elementor-section-content-middle elementor-section-boxed elementor-section-height-default elementor-section-height-default\" data-id=\"8fe3c28\" data-element_type=\"section\" data-e-type=\"section\">\n\t\t\t\t\t\t<div class=\"elementor-container elementor-column-gap-no\">\n\t\t\t\t\t<div class=\"elementor-column elementor-col-100 elementor-inner-column elementor-element elementor-element-793edbe\" data-id=\"793edbe\" data-element_type=\"column\" data-e-type=\"column\">\n\t\t\t<div class=\"elementor-widget-wrap elementor-element-populated\">\n\t\t\t\t\t\t<div class=\"elementor-element elementor-element-e08caa5 elementor-widget elementor-widget-text-editor\" data-id=\"e08caa5\" data-element_type=\"widget\" data-e-type=\"widget\" data-widget_type=\"text-editor.default\">\n\t\t\t\t<div class=\"elementor-widget-container\">\n\t\t\t\t\t\t\t\t\t<h3><strong>Pol\u00edtica de Privacidad<\/strong><\/h3><p><strong>1. Responsable del tratamiento de datos<\/strong><br \/>Rafael Jos\u00e9 S\u00e1nchez Gonz\u00e1lez<br \/>C\/ Mayor numero 25 &#8211; 1.\u00ba &#8211; TOBARRA (Albacete)<\/p><p><strong>2. Finalidad del tratamiento de datos<\/strong><br \/>En , www.visuialgrafico.es tratamos la informaci\u00f3n que nos proporciona con las siguientes finalidades:<\/p><ul><li>Gestionar las compras y servicios solicitados a trav\u00e9s de la secci\u00f3n de comercio electr\u00f3nico.<\/li><li>Env\u00ede comunicaciones comerciales y promociones, siempre que nos des su consentimiento.<\/li><li>Responder consultas realizadas a trav\u00e9s del formulario<\/li><li>Cumplir con nuestras obligaciones<\/li><\/ul><p><strong>3. Legitimaci\u00f3n para el tratamiento de datos<\/strong><\/p><ul><li>La ejecuci\u00f3n de un contrato para procesar pedidos realizados a trav\u00e9s de la tienda online.<\/li><li>Tu consentimiento expl\u00edcito para el env\u00edo de comunicaciones comerciales y el uso de cookies.<\/li><li>El cumplimiento de las obligaciones legales aplicables.<\/li><\/ul><p><strong>4. Destinatarios de los datos<\/strong><\/p><ul><li>No se ceder\u00e1n los datos, salvo\u00a0 obligaci\u00f3n legal.<\/li><\/ul><p><strong>5. <\/strong><strong>Derechos del usuario<\/strong><br \/>Acceder, rectificar o suprimir<\/p><ul><li>Solicitar la portabilidad de tus datos.<\/li><li>Retirar el consentimiento en cualquier momento<\/li><li>Presentar una reclamaci\u00f3n ante la Agencia Espa\u00f1ola de Protecci\u00f3n de Datos ( )<a href=\"http:\/\/www.aepd.es\" target=\"_new\" rel=\"noopener\">www.aepd.es<\/a><\/li><\/ul><p>\u00a0<\/p>\t\t\t\t\t\t\t\t<\/div>\n\t\t\t\t<\/div>\n\t\t\t\t\t<\/div>\n\t\t<\/div>\n\t\t\t\t\t<\/div>\n\t\t<\/section>\n\t\t\t\t\t<\/div>\n\t\t<\/div>\n\t\t\t\t\t<\/div>\n\t\t<\/section>\n\t\t<div class=\"elementor-element elementor-element-7be8761 e-flex e-con-boxed e-con e-parent\" data-id=\"7be8761\" data-element_type=\"container\" data-e-type=\"container\">\n\t\t\t\t\t<div class=\"e-con-inner\">\n\t\t\t\t<div class=\"elementor-element elementor-element-510e4c0 elementor-widget elementor-widget-loop-carousel\" data-id=\"510e4c0\" data-element_type=\"widget\" data-e-type=\"widget\" data-widget_type=\"loop-carousel.default\">\n\t\t\t\t<div class=\"elementor-widget-container\">\n\t\t\t\t\t \t\t\t\t<\/div>\n\t\t\t\t<\/div>\n\t\t\t\t\t<\/div>\n\t\t\t\t<\/div>\n\t\t\t\t<\/div>\n\t\t","protected":false},"excerpt":{"rendered":"<p>Pol\u00edtica de Privacidad 1. Responsable del tratamiento de datosRafael Jos\u00e9 S\u00e1nchez Gonz\u00e1lezC\/ Mayor numero 25 &#8211; 1.\u00ba &#8211; TOBARRA (Albacete) 2. Finalidad del tratamiento de datosEn , www.visuialgrafico.es tratamos la informaci\u00f3n que nos proporciona con las siguientes finalidades: Gestionar las compras y servicios solicitados a trav\u00e9s de la secci\u00f3n de comercio electr\u00f3nico. Env\u00ede comunicaciones comerciales &hellip;<\/p>\n<p class=\"read-more\"> <a class=\"\" href=\"https:\/\/visualgrafico.es\/index.php\/politica-de-privacidad\/\"> <span class=\"screen-reader-text\">Politica de Privacidad<\/span> Read More \u00bb<\/a><\/p>\n","protected":false},"author":1,"featured_media":0,"parent":0,"menu_order":0,"comment_status":"closed","ping_status":"closed","template":"","meta":{"_uag_custom_page_level_css":"","site-sidebar-layout":"no-sidebar","site-content-layout":"page-builder","ast-site-content-layout":"","site-content-style":"default","site-sidebar-style":"default","ast-global-header-display":"","ast-banner-title-visibility":"","ast-main-header-display":"","ast-hfb-above-header-display":"","ast-hfb-below-header-display":"","ast-hfb-mobile-header-display":"","site-post-title":"disabled","ast-breadcrumbs-content":"","ast-featured-img":"disabled","footer-sml-layout":"","theme-transparent-header-meta":"","adv-header-id-meta":"","stick-header-meta":"default","header-above-stick-meta":"","header-main-stick-meta":"","header-below-stick-meta":"","astra-migrate-meta-layouts":"","_joinchat":[],"footnotes":""},"class_list":["post-9180","page","type-page","status-publish","hentry"],"yoast_head":"<!-- This site is optimized with the Yoast SEO plugin v27.4 - https:\/\/yoast.com\/product\/yoast-seo-wordpress\/ -->\n<title>Politica de Privacidad - Visual Servicios Gr\u00e1ficos<\/title>\n<meta name=\"robots\" content=\"index, follow, max-snippet:-1, max-image-preview:large, max-video-preview:-1\" \/>\n<link rel=\"canonical\" href=\"https:\/\/visualgrafico.es\/index.php\/politica-de-privacidad\/\" \/>\n<meta property=\"og:locale\" content=\"es_ES\" \/>\n<meta property=\"og:type\" content=\"article\" \/>\n<meta property=\"og:title\" content=\"Politica de Privacidad - Visual Servicios Gr\u00e1ficos\" \/>\n<meta property=\"og:description\" content=\"Pol\u00edtica de Privacidad 1. Responsable del tratamiento de datosRafael Jos\u00e9 S\u00e1nchez Gonz\u00e1lezC\/ Mayor numero 25 &#8211; 1.\u00ba &#8211; TOBARRA (Albacete) 2. Finalidad del tratamiento de datosEn , www.visuialgrafico.es tratamos la informaci\u00f3n que nos proporciona con las siguientes finalidades: Gestionar las compras y servicios solicitados a trav\u00e9s de la secci\u00f3n de comercio electr\u00f3nico. Env\u00ede comunicaciones comerciales &hellip; Politica de Privacidad Read More \u00bb\" \/>\n<meta property=\"og:url\" content=\"https:\/\/visualgrafico.es\/index.php\/politica-de-privacidad\/\" \/>\n<meta property=\"og:site_name\" content=\"Visual Servicios Gr\u00e1ficos\" \/>\n<meta property=\"article:modified_time\" content=\"2024-11-19T18:53:44+00:00\" \/>\n<meta property=\"og:image\" content=\"https:\/\/visualgrafico.es\/wp-content\/uploads\/2023\/10\/cropped-vi.png\" \/>\n\t<meta property=\"og:image:width\" content=\"810\" \/>\n\t<meta property=\"og:image:height\" content=\"471\" \/>\n\t<meta property=\"og:image:type\" content=\"image\/png\" \/>\n<meta name=\"twitter:card\" content=\"summary_large_image\" \/>\n<meta name=\"twitter:label1\" content=\"Tiempo de lectura\" \/>\n\t<meta name=\"twitter:data1\" content=\"1 minuto\" \/>\n<script type=\"application\/ld+json\" class=\"yoast-schema-graph\">{\"@context\":\"https:\\\/\\\/schema.org\",\"@graph\":[{\"@type\":\"WebPage\",\"@id\":\"https:\\\/\\\/visualgrafico.es\\\/index.php\\\/politica-de-privacidad\\\/\",\"url\":\"https:\\\/\\\/visualgrafico.es\\\/index.php\\\/politica-de-privacidad\\\/\",\"name\":\"Politica de Privacidad - Visual Servicios Gr\u00e1ficos\",\"isPartOf\":{\"@id\":\"https:\\\/\\\/visualgrafico.es\\\/#website\"},\"datePublished\":\"2024-11-19T18:46:16+00:00\",\"dateModified\":\"2024-11-19T18:53:44+00:00\",\"breadcrumb\":{\"@id\":\"https:\\\/\\\/visualgrafico.es\\\/index.php\\\/politica-de-privacidad\\\/#breadcrumb\"},\"inLanguage\":\"es\",\"potentialAction\":[{\"@type\":\"ReadAction\",\"target\":[\"https:\\\/\\\/visualgrafico.es\\\/index.php\\\/politica-de-privacidad\\\/\"]}]},{\"@type\":\"BreadcrumbList\",\"@id\":\"https:\\\/\\\/visualgrafico.es\\\/index.php\\\/politica-de-privacidad\\\/#breadcrumb\",\"itemListElement\":[{\"@type\":\"ListItem\",\"position\":1,\"name\":\"Portada\",\"item\":\"https:\\\/\\\/visualgrafico.es\\\/\"},{\"@type\":\"ListItem\",\"position\":2,\"name\":\"Politica de Privacidad\"}]},{\"@type\":\"WebSite\",\"@id\":\"https:\\\/\\\/visualgrafico.es\\\/#website\",\"url\":\"https:\\\/\\\/visualgrafico.es\\\/\",\"name\":\"visualgrafico.es\",\"description\":\"\",\"publisher\":{\"@id\":\"https:\\\/\\\/visualgrafico.es\\\/#\\\/schema\\\/person\\\/0566f9f1f6e3e0b135091b753f73e148\"},\"potentialAction\":[{\"@type\":\"SearchAction\",\"target\":{\"@type\":\"EntryPoint\",\"urlTemplate\":\"https:\\\/\\\/visualgrafico.es\\\/?s={search_term_string}\"},\"query-input\":{\"@type\":\"PropertyValueSpecification\",\"valueRequired\":true,\"valueName\":\"search_term_string\"}}],\"inLanguage\":\"es\"},{\"@type\":[\"Person\",\"Organization\"],\"@id\":\"https:\\\/\\\/visualgrafico.es\\\/#\\\/schema\\\/person\\\/0566f9f1f6e3e0b135091b753f73e148\",\"name\":\"visual\",\"image\":{\"@type\":\"ImageObject\",\"inLanguage\":\"es\",\"@id\":\"https:\\\/\\\/visualgrafico.es\\\/wp-content\\\/uploads\\\/2023\\\/11\\\/cropped-vi3.png\",\"url\":\"https:\\\/\\\/visualgrafico.es\\\/wp-content\\\/uploads\\\/2023\\\/11\\\/cropped-vi3.png\",\"contentUrl\":\"https:\\\/\\\/visualgrafico.es\\\/wp-content\\\/uploads\\\/2023\\\/11\\\/cropped-vi3.png\",\"width\":854,\"height\":502,\"caption\":\"visual\"},\"logo\":{\"@id\":\"https:\\\/\\\/visualgrafico.es\\\/wp-content\\\/uploads\\\/2023\\\/11\\\/cropped-vi3.png\"},\"sameAs\":[\"http:\\\/\\\/visualgrafico.es\"]}]}<\/script>\n<!-- \/ Yoast SEO plugin. -->","yoast_head_json":{"title":"Politica de Privacidad - Visual Servicios Gr\u00e1ficos","robots":{"index":"index","follow":"follow","max-snippet":"max-snippet:-1","max-image-preview":"max-image-preview:large","max-video-preview":"max-video-preview:-1"},"canonical":"https:\/\/visualgrafico.es\/index.php\/politica-de-privacidad\/","og_locale":"es_ES","og_type":"article","og_title":"Politica de Privacidad - Visual Servicios Gr\u00e1ficos","og_description":"Pol\u00edtica de Privacidad 1. Responsable del tratamiento de datosRafael Jos\u00e9 S\u00e1nchez Gonz\u00e1lezC\/ Mayor numero 25 &#8211; 1.\u00ba &#8211; TOBARRA (Albacete) 2. Finalidad del tratamiento de datosEn , www.visuialgrafico.es tratamos la informaci\u00f3n que nos proporciona con las siguientes finalidades: Gestionar las compras y servicios solicitados a trav\u00e9s de la secci\u00f3n de comercio electr\u00f3nico. Env\u00ede comunicaciones comerciales &hellip; Politica de Privacidad Read More \u00bb","og_url":"https:\/\/visualgrafico.es\/index.php\/politica-de-privacidad\/","og_site_name":"Visual Servicios Gr\u00e1ficos","article_modified_time":"2024-11-19T18:53:44+00:00","og_image":[{"width":810,"height":471,"url":"https:\/\/visualgrafico.es\/wp-content\/uploads\/2023\/10\/cropped-vi.png","type":"image\/png"}],"twitter_card":"summary_large_image","twitter_misc":{"Tiempo de lectura":"1 minuto"},"schema":{"@context":"https:\/\/schema.org","@graph":[{"@type":"WebPage","@id":"https:\/\/visualgrafico.es\/index.php\/politica-de-privacidad\/","url":"https:\/\/visualgrafico.es\/index.php\/politica-de-privacidad\/","name":"Politica de Privacidad - Visual Servicios Gr\u00e1ficos","isPartOf":{"@id":"https:\/\/visualgrafico.es\/#website"},"datePublished":"2024-11-19T18:46:16+00:00","dateModified":"2024-11-19T18:53:44+00:00","breadcrumb":{"@id":"https:\/\/visualgrafico.es\/index.php\/politica-de-privacidad\/#breadcrumb"},"inLanguage":"es","potentialAction":[{"@type":"ReadAction","target":["https:\/\/visualgrafico.es\/index.php\/politica-de-privacidad\/"]}]},{"@type":"BreadcrumbList","@id":"https:\/\/visualgrafico.es\/index.php\/politica-de-privacidad\/#breadcrumb","itemListElement":[{"@type":"ListItem","position":1,"name":"Portada","item":"https:\/\/visualgrafico.es\/"},{"@type":"ListItem","position":2,"name":"Politica de Privacidad"}]},{"@type":"WebSite","@id":"https:\/\/visualgrafico.es\/#website","url":"https:\/\/visualgrafico.es\/","name":"visualgrafico.es","description":"","publisher":{"@id":"https:\/\/visualgrafico.es\/#\/schema\/person\/0566f9f1f6e3e0b135091b753f73e148"},"potentialAction":[{"@type":"SearchAction","target":{"@type":"EntryPoint","urlTemplate":"https:\/\/visualgrafico.es\/?s={search_term_string}"},"query-input":{"@type":"PropertyValueSpecification","valueRequired":true,"valueName":"search_term_string"}}],"inLanguage":"es"},{"@type":["Person","Organization"],"@id":"https:\/\/visualgrafico.es\/#\/schema\/person\/0566f9f1f6e3e0b135091b753f73e148","name":"visual","image":{"@type":"ImageObject","inLanguage":"es","@id":"https:\/\/visualgrafico.es\/wp-content\/uploads\/2023\/11\/cropped-vi3.png","url":"https:\/\/visualgrafico.es\/wp-content\/uploads\/2023\/11\/cropped-vi3.png","contentUrl":"https:\/\/visualgrafico.es\/wp-content\/uploads\/2023\/11\/cropped-vi3.png","width":854,"height":502,"caption":"visual"},"logo":{"@id":"https:\/\/visualgrafico.es\/wp-content\/uploads\/2023\/11\/cropped-vi3.png"},"sameAs":["http:\/\/visualgrafico.es"]}]}},"uagb_featured_image_src":{"full":false,"thumbnail":false,"medium":false,"medium_large":false,"large":false,"1536x1536":false,"2048x2048":false,"woocommerce_thumbnail":false,"woocommerce_single":false,"woocommerce_gallery_thumbnail":false},"uagb_author_info":{"display_name":"visualgrafico.es","author_link":"https:\/\/visualgrafico.es\/index.php\/author\/visualgrafico-es\/"},"uagb_comment_info":0,"uagb_excerpt":"Pol\u00edtica de Privacidad 1. Responsable del tratamiento de datosRafael Jos\u00e9 S\u00e1nchez Gonz\u00e1lezC\/ Mayor numero 25 &#8211; 1.\u00ba &#8211; TOBARRA (Albacete) 2. Finalidad del tratamiento de datosEn , www.visuialgrafico.es tratamos la informaci\u00f3n que nos proporciona con las siguientes finalidades: Gestionar las compras y servicios solicitados a trav\u00e9s de la secci\u00f3n de comercio electr\u00f3nico. Env\u00ede comunicaciones comerciales&hellip;","jetpack_sharing_enabled":true,"_links":{"self":[{"href":"https:\/\/visualgrafico.es\/index.php\/wp-json\/wp\/v2\/pages\/9180","targetHints":{"allow":["GET"]}}],"collection":[{"href":"https:\/\/visualgrafico.es\/index.php\/wp-json\/wp\/v2\/pages"}],"about":[{"href":"https:\/\/visualgrafico.es\/index.php\/wp-json\/wp\/v2\/types\/page"}],"author":[{"embeddable":true,"href":"https:\/\/visualgrafico.es\/index.php\/wp-json\/wp\/v2\/users\/1"}],"replies":[{"embeddable":true,"href":"https:\/\/visualgrafico.es\/index.php\/wp-json\/wp\/v2\/comments?post=9180"}],"version-history":[{"count":6,"href":"https:\/\/visualgrafico.es\/index.php\/wp-json\/wp\/v2\/pages\/9180\/revisions"}],"predecessor-version":[{"id":9186,"href":"https:\/\/visualgrafico.es\/index.php\/wp-json\/wp\/v2\/pages\/9180\/revisions\/9186"}],"wp:attachment":[{"href":"https:\/\/visualgrafico.es\/index.php\/wp-json\/wp\/v2\/media?parent=9180"}],"curies":[{"name":"wp","href":"https:\/\/api.w.org\/{rel}","templated":true}]}}