{"id":9093,"date":"2024-11-15T21:56:27","date_gmt":"2024-11-15T20:56:27","guid":{"rendered":"https:\/\/visualgrafico.es\/?page_id=9093"},"modified":"2024-11-17T12:54:31","modified_gmt":"2024-11-17T11:54:31","slug":"carrito","status":"publish","type":"page","link":"https:\/\/visualgrafico.es\/index.php\/carrito\/","title":{"rendered":"Carrito"},"content":{"rendered":"\t\t<div data-elementor-type=\"wp-post\" data-elementor-id=\"9093\" class=\"elementor elementor-9093\">\n\t\t\t\t<div class=\"elementor-element elementor-element-8b3405b e-flex e-con-boxed e-con e-parent\" data-id=\"8b3405b\" data-element_type=\"container\" data-e-type=\"container\">\n\t\t\t\t\t<div class=\"e-con-inner\">\n\t\t\t\t<div class=\"elementor-element elementor-element-56bc24e elementor-widget elementor-widget-eael-woo-cart\" data-id=\"56bc24e\" data-element_type=\"widget\" data-e-type=\"widget\" data-settings=\"{&quot;eael_woo_cart_components_continue_shopping_icon&quot;:{&quot;value&quot;:&quot;fas fa-chevron-left&quot;,&quot;library&quot;:&quot;fa-solid&quot;}}\" data-widget_type=\"eael-woo-cart.default\">\n\t\t\t\t<div class=\"elementor-widget-container\">\n\t\t\t\t\t\t\t\t\t<div class=\"eael-woo-cart-wrapper eael-woo-cart-empty eael-woo-default eael-auto-update33\">\n\t\t\t\t<div class=\"woocommerce-notices-wrapper\"><\/div><div class=\"wc-empty-cart-message\">\n\t<div class=\"cart-empty woocommerce-info\">\n\t\tEn este momento tu carrito est\u00e1 vac\u00edo.\t<\/div>\n<\/div>\t<p class=\"return-to-shop\">\n\t\t<a class=\"button wc-backward\" href=\"https:\/\/visualgrafico.es\">\n\t\t\tVolver a la tienda\t\t<\/a>\n\t<\/p>\n                <\/div>\n\t\t\t\t        <script>document.body.classList.add(\"eael-woo-cart\");<\/script>\n\t\t\t\t\t\t<\/div>\n\t\t\t\t<\/div>\n\t\t\t\t\t<\/div>\n\t\t\t\t<\/div>\n\t\t\t\t<\/div>\n\t\t","protected":false},"excerpt":{"rendered":"<p>En este momento tu carrito est\u00e1 vac\u00edo. Volver a la tienda<\/p>\n","protected":false},"author":1,"featured_media":0,"parent":0,"menu_order":0,"comment_status":"closed","ping_status":"closed","template":"","meta":{"_uag_custom_page_level_css":"","site-sidebar-layout":"no-sidebar","site-content-layout":"page-builder","ast-site-content-layout":"full-width-container","site-content-style":"unboxed","site-sidebar-style":"unboxed","ast-global-header-display":"","ast-banner-title-visibility":"","ast-main-header-display":"","ast-hfb-above-header-display":"","ast-hfb-below-header-display":"","ast-hfb-mobile-header-display":"","site-post-title":"disabled","ast-breadcrumbs-content":"","ast-featured-img":"disabled","footer-sml-layout":"","theme-transparent-header-meta":"","adv-header-id-meta":"","stick-header-meta":"default","header-above-stick-meta":"","header-main-stick-meta":"","header-below-stick-meta":"","astra-migrate-meta-layouts":"set","_joinchat":[],"footnotes":""},"class_list":["post-9093","page","type-page","status-publish","hentry"],"yoast_head":"<!-- This site is optimized with the Yoast SEO plugin v27.4 - https:\/\/yoast.com\/product\/yoast-seo-wordpress\/ -->\n<title>Carrito - Visual Servicios Gr\u00e1ficos<\/title>\n<meta name=\"robots\" content=\"index, follow, max-snippet:-1, max-image-preview:large, max-video-preview:-1\" \/>\n<link rel=\"canonical\" href=\"https:\/\/visualgrafico.es\/index.php\/carrito\/\" \/>\n<meta property=\"og:locale\" content=\"es_ES\" \/>\n<meta property=\"og:type\" content=\"article\" \/>\n<meta property=\"og:title\" content=\"Carrito - Visual Servicios Gr\u00e1ficos\" \/>\n<meta property=\"og:description\" content=\"En este momento tu carrito est\u00e1 vac\u00edo. Volver a la tienda\" \/>\n<meta property=\"og:url\" content=\"https:\/\/visualgrafico.es\/index.php\/carrito\/\" \/>\n<meta property=\"og:site_name\" content=\"Visual Servicios Gr\u00e1ficos\" \/>\n<meta property=\"article:modified_time\" content=\"2024-11-17T11:54:31+00:00\" \/>\n<meta property=\"og:image\" content=\"https:\/\/visualgrafico.es\/wp-content\/uploads\/2023\/10\/cropped-vi.png\" \/>\n\t<meta property=\"og:image:width\" content=\"810\" \/>\n\t<meta property=\"og:image:height\" content=\"471\" \/>\n\t<meta property=\"og:image:type\" content=\"image\/png\" \/>\n<meta name=\"twitter:card\" content=\"summary_large_image\" \/>\n<meta name=\"twitter:label1\" content=\"Tiempo de lectura\" \/>\n\t<meta name=\"twitter:data1\" content=\"1 minuto\" \/>\n<script type=\"application\/ld+json\" class=\"yoast-schema-graph\">{\"@context\":\"https:\\\/\\\/schema.org\",\"@graph\":[{\"@type\":\"WebPage\",\"@id\":\"https:\\\/\\\/visualgrafico.es\\\/index.php\\\/carrito\\\/\",\"url\":\"https:\\\/\\\/visualgrafico.es\\\/index.php\\\/carrito\\\/\",\"name\":\"Carrito - Visual Servicios Gr\u00e1ficos\",\"isPartOf\":{\"@id\":\"https:\\\/\\\/visualgrafico.es\\\/#website\"},\"datePublished\":\"2024-11-15T20:56:27+00:00\",\"dateModified\":\"2024-11-17T11:54:31+00:00\",\"breadcrumb\":{\"@id\":\"https:\\\/\\\/visualgrafico.es\\\/index.php\\\/carrito\\\/#breadcrumb\"},\"inLanguage\":\"es\",\"potentialAction\":[{\"@type\":\"ReadAction\",\"target\":[\"https:\\\/\\\/visualgrafico.es\\\/index.php\\\/carrito\\\/\"]}]},{\"@type\":\"BreadcrumbList\",\"@id\":\"https:\\\/\\\/visualgrafico.es\\\/index.php\\\/carrito\\\/#breadcrumb\",\"itemListElement\":[{\"@type\":\"ListItem\",\"position\":1,\"name\":\"Portada\",\"item\":\"https:\\\/\\\/visualgrafico.es\\\/\"},{\"@type\":\"ListItem\",\"position\":2,\"name\":\"Carrito\"}]},{\"@type\":\"WebSite\",\"@id\":\"https:\\\/\\\/visualgrafico.es\\\/#website\",\"url\":\"https:\\\/\\\/visualgrafico.es\\\/\",\"name\":\"visualgrafico.es\",\"description\":\"\",\"publisher\":{\"@id\":\"https:\\\/\\\/visualgrafico.es\\\/#\\\/schema\\\/person\\\/0566f9f1f6e3e0b135091b753f73e148\"},\"potentialAction\":[{\"@type\":\"SearchAction\",\"target\":{\"@type\":\"EntryPoint\",\"urlTemplate\":\"https:\\\/\\\/visualgrafico.es\\\/?s={search_term_string}\"},\"query-input\":{\"@type\":\"PropertyValueSpecification\",\"valueRequired\":true,\"valueName\":\"search_term_string\"}}],\"inLanguage\":\"es\"},{\"@type\":[\"Person\",\"Organization\"],\"@id\":\"https:\\\/\\\/visualgrafico.es\\\/#\\\/schema\\\/person\\\/0566f9f1f6e3e0b135091b753f73e148\",\"name\":\"visual\",\"image\":{\"@type\":\"ImageObject\",\"inLanguage\":\"es\",\"@id\":\"https:\\\/\\\/visualgrafico.es\\\/wp-content\\\/uploads\\\/2023\\\/11\\\/cropped-vi3.png\",\"url\":\"https:\\\/\\\/visualgrafico.es\\\/wp-content\\\/uploads\\\/2023\\\/11\\\/cropped-vi3.png\",\"contentUrl\":\"https:\\\/\\\/visualgrafico.es\\\/wp-content\\\/uploads\\\/2023\\\/11\\\/cropped-vi3.png\",\"width\":854,\"height\":502,\"caption\":\"visual\"},\"logo\":{\"@id\":\"https:\\\/\\\/visualgrafico.es\\\/wp-content\\\/uploads\\\/2023\\\/11\\\/cropped-vi3.png\"},\"sameAs\":[\"http:\\\/\\\/visualgrafico.es\"]}]}<\/script>\n<!-- \/ Yoast SEO plugin. -->","yoast_head_json":{"title":"Carrito - Visual Servicios Gr\u00e1ficos","robots":{"index":"index","follow":"follow","max-snippet":"max-snippet:-1","max-image-preview":"max-image-preview:large","max-video-preview":"max-video-preview:-1"},"canonical":"https:\/\/visualgrafico.es\/index.php\/carrito\/","og_locale":"es_ES","og_type":"article","og_title":"Carrito - Visual Servicios Gr\u00e1ficos","og_description":"En este momento tu carrito est\u00e1 vac\u00edo. Volver a la tienda","og_url":"https:\/\/visualgrafico.es\/index.php\/carrito\/","og_site_name":"Visual Servicios Gr\u00e1ficos","article_modified_time":"2024-11-17T11:54:31+00:00","og_image":[{"width":810,"height":471,"url":"https:\/\/visualgrafico.es\/wp-content\/uploads\/2023\/10\/cropped-vi.png","type":"image\/png"}],"twitter_card":"summary_large_image","twitter_misc":{"Tiempo de lectura":"1 minuto"},"schema":{"@context":"https:\/\/schema.org","@graph":[{"@type":"WebPage","@id":"https:\/\/visualgrafico.es\/index.php\/carrito\/","url":"https:\/\/visualgrafico.es\/index.php\/carrito\/","name":"Carrito - Visual Servicios Gr\u00e1ficos","isPartOf":{"@id":"https:\/\/visualgrafico.es\/#website"},"datePublished":"2024-11-15T20:56:27+00:00","dateModified":"2024-11-17T11:54:31+00:00","breadcrumb":{"@id":"https:\/\/visualgrafico.es\/index.php\/carrito\/#breadcrumb"},"inLanguage":"es","potentialAction":[{"@type":"ReadAction","target":["https:\/\/visualgrafico.es\/index.php\/carrito\/"]}]},{"@type":"BreadcrumbList","@id":"https:\/\/visualgrafico.es\/index.php\/carrito\/#breadcrumb","itemListElement":[{"@type":"ListItem","position":1,"name":"Portada","item":"https:\/\/visualgrafico.es\/"},{"@type":"ListItem","position":2,"name":"Carrito"}]},{"@type":"WebSite","@id":"https:\/\/visualgrafico.es\/#website","url":"https:\/\/visualgrafico.es\/","name":"visualgrafico.es","description":"","publisher":{"@id":"https:\/\/visualgrafico.es\/#\/schema\/person\/0566f9f1f6e3e0b135091b753f73e148"},"potentialAction":[{"@type":"SearchAction","target":{"@type":"EntryPoint","urlTemplate":"https:\/\/visualgrafico.es\/?s={search_term_string}"},"query-input":{"@type":"PropertyValueSpecification","valueRequired":true,"valueName":"search_term_string"}}],"inLanguage":"es"},{"@type":["Person","Organization"],"@id":"https:\/\/visualgrafico.es\/#\/schema\/person\/0566f9f1f6e3e0b135091b753f73e148","name":"visual","image":{"@type":"ImageObject","inLanguage":"es","@id":"https:\/\/visualgrafico.es\/wp-content\/uploads\/2023\/11\/cropped-vi3.png","url":"https:\/\/visualgrafico.es\/wp-content\/uploads\/2023\/11\/cropped-vi3.png","contentUrl":"https:\/\/visualgrafico.es\/wp-content\/uploads\/2023\/11\/cropped-vi3.png","width":854,"height":502,"caption":"visual"},"logo":{"@id":"https:\/\/visualgrafico.es\/wp-content\/uploads\/2023\/11\/cropped-vi3.png"},"sameAs":["http:\/\/visualgrafico.es"]}]}},"uagb_featured_image_src":{"full":false,"thumbnail":false,"medium":false,"medium_large":false,"large":false,"1536x1536":false,"2048x2048":false,"woocommerce_thumbnail":false,"woocommerce_single":false,"woocommerce_gallery_thumbnail":false},"uagb_author_info":{"display_name":"visualgrafico.es","author_link":"https:\/\/visualgrafico.es\/index.php\/author\/visualgrafico-es\/"},"uagb_comment_info":0,"uagb_excerpt":"En este momento tu carrito est\u00e1 vac\u00edo. Volver a la tienda","jetpack_sharing_enabled":true,"_links":{"self":[{"href":"https:\/\/visualgrafico.es\/index.php\/wp-json\/wp\/v2\/pages\/9093","targetHints":{"allow":["GET"]}}],"collection":[{"href":"https:\/\/visualgrafico.es\/index.php\/wp-json\/wp\/v2\/pages"}],"about":[{"href":"https:\/\/visualgrafico.es\/index.php\/wp-json\/wp\/v2\/types\/page"}],"author":[{"embeddable":true,"href":"https:\/\/visualgrafico.es\/index.php\/wp-json\/wp\/v2\/users\/1"}],"replies":[{"embeddable":true,"href":"https:\/\/visualgrafico.es\/index.php\/wp-json\/wp\/v2\/comments?post=9093"}],"version-history":[{"count":13,"href":"https:\/\/visualgrafico.es\/index.php\/wp-json\/wp\/v2\/pages\/9093\/revisions"}],"predecessor-version":[{"id":9171,"href":"https:\/\/visualgrafico.es\/index.php\/wp-json\/wp\/v2\/pages\/9093\/revisions\/9171"}],"wp:attachment":[{"href":"https:\/\/visualgrafico.es\/index.php\/wp-json\/wp\/v2\/media?parent=9093"}],"curies":[{"name":"wp","href":"https:\/\/api.w.org\/{rel}","templated":true}]}}