{"id":5925,"date":"2017-11-17T16:38:20","date_gmt":"2017-11-17T15:38:20","guid":{"rendered":"https:\/\/visualgrafico.es\/index.php\/testimonials\/"},"modified":"2024-11-15T21:49:31","modified_gmt":"2024-11-15T20:49:31","slug":"quienes-somos","status":"publish","type":"page","link":"https:\/\/visualgrafico.es\/index.php\/quienes-somos\/","title":{"rendered":"Quienes somos"},"content":{"rendered":"\t\t<div data-elementor-type=\"wp-post\" data-elementor-id=\"5925\" class=\"elementor elementor-5925\">\n\t\t\t\t\t\t<section class=\"elementor-section elementor-top-section elementor-element elementor-element-6594732c elementor-section-content-middle elementor-section-boxed elementor-section-height-default elementor-section-height-default\" data-id=\"6594732c\" data-element_type=\"section\" data-e-type=\"section\" data-settings=\"{&quot;background_background&quot;:&quot;classic&quot;}\">\n\t\t\t\t\t\t\t<div class=\"elementor-background-overlay\"><\/div>\n\t\t\t\t\t\t\t<div class=\"elementor-container elementor-column-gap-wider\">\n\t\t\t\t\t<div class=\"elementor-column elementor-col-100 elementor-top-column elementor-element elementor-element-7359fe92\" data-id=\"7359fe92\" data-element_type=\"column\" data-e-type=\"column\">\n\t\t\t<div class=\"elementor-widget-wrap elementor-element-populated\">\n\t\t\t\t\t\t<div class=\"elementor-element elementor-element-62e5c9bd elementor-widget elementor-widget-heading\" data-id=\"62e5c9bd\" data-element_type=\"widget\" data-e-type=\"widget\" data-widget_type=\"heading.default\">\n\t\t\t\t<div class=\"elementor-widget-container\">\n\t\t\t\t\t<h1 class=\"elementor-heading-title elementor-size-default\">Sobre mi<\/h1>\t\t\t\t<\/div>\n\t\t\t\t<\/div>\n\t\t\t\t\t<\/div>\n\t\t<\/div>\n\t\t\t\t\t<\/div>\n\t\t<\/section>\n\t\t\t\t<section class=\"elementor-section elementor-top-section elementor-element elementor-element-xrbz8zq elementor-section-full_width elementor-section-height-default elementor-section-height-default\" data-id=\"xrbz8zq\" data-element_type=\"section\" data-e-type=\"section\">\n\t\t\t\t\t\t<div class=\"elementor-container elementor-column-gap-no\">\n\t\t\t\t\t<div class=\"elementor-column elementor-col-100 elementor-top-column elementor-element elementor-element-9f7917c\" data-id=\"9f7917c\" data-element_type=\"column\" data-e-type=\"column\">\n\t\t\t<div class=\"elementor-widget-wrap elementor-element-populated\">\n\t\t\t\t\t\t<section class=\"elementor-section elementor-inner-section elementor-element elementor-element-c896502 elementor-section-boxed elementor-section-height-default elementor-section-height-default\" data-id=\"c896502\" data-element_type=\"section\" data-e-type=\"section\">\n\t\t\t\t\t\t<div class=\"elementor-container elementor-column-gap-no\">\n\t\t\t\t\t<div class=\"elementor-column elementor-col-100 elementor-inner-column elementor-element elementor-element-945acd8\" data-id=\"945acd8\" data-element_type=\"column\" data-e-type=\"column\">\n\t\t\t<div class=\"elementor-widget-wrap elementor-element-populated\">\n\t\t\t\t\t\t<div class=\"elementor-element elementor-element-bbd0a1c elementor-widget elementor-widget-heading\" data-id=\"bbd0a1c\" data-element_type=\"widget\" data-e-type=\"widget\" data-widget_type=\"heading.default\">\n\t\t\t\t<div class=\"elementor-widget-container\">\n\t\t\t\t\t<h2 class=\"elementor-heading-title elementor-size-default\">Me puedes encontrar.....<\/h2>\t\t\t\t<\/div>\n\t\t\t\t<\/div>\n\t\t\t\t<div class=\"elementor-element elementor-element-1b0baaf elementor-widget elementor-widget-heading\" data-id=\"1b0baaf\" data-element_type=\"widget\" data-e-type=\"widget\" data-widget_type=\"heading.default\">\n\t\t\t\t<div class=\"elementor-widget-container\">\n\t\t\t\t\t<h5 class=\"elementor-heading-title elementor-size-default\">C\/ Mayor n.\u00ba 25 - 1.\u00ba.  Tobarra. Albacete.  Tlf. 634300950<\/h5>\t\t\t\t<\/div>\n\t\t\t\t<\/div>\n\t\t\t\t\t<\/div>\n\t\t<\/div>\n\t\t\t\t\t<\/div>\n\t\t<\/section>\n\t\t\t\t<div class=\"elementor-element elementor-element-24e8854 elementor-widget elementor-widget-google_maps\" data-id=\"24e8854\" data-element_type=\"widget\" data-e-type=\"widget\" data-widget_type=\"google_maps.default\">\n\t\t\t\t<div class=\"elementor-widget-container\">\n\t\t\t\t\t\t\t<div class=\"elementor-custom-embed\">\n\t\t\t<iframe loading=\"lazy\"\n\t\t\t\t\tsrc=\"https:\/\/maps.google.com\/maps?q=Caller%20Mayor%20numero%2025%20-%20Tobarra%20%28Albacete%29%20Espa%C3%B1a&#038;t=m&#038;z=16&#038;output=embed&#038;iwloc=near\"\n\t\t\t\t\ttitle=\"Caller Mayor numero 25 - Tobarra (Albacete) Espa\u00f1a\"\n\t\t\t\t\taria-label=\"Caller Mayor numero 25 - Tobarra (Albacete) Espa\u00f1a\"\n\t\t\t><\/iframe>\n\t\t<\/div>\n\t\t\t\t\t\t<\/div>\n\t\t\t\t<\/div>\n\t\t\t\t\t<\/div>\n\t\t<\/div>\n\t\t\t\t\t<\/div>\n\t\t<\/section>\n\t\t\t\t<section class=\"elementor-section elementor-top-section elementor-element elementor-element-4nefth1 elementor-section-content-middle elementor-section-boxed elementor-section-height-default elementor-section-height-default\" data-id=\"4nefth1\" data-element_type=\"section\" data-e-type=\"section\" data-settings=\"{&quot;background_background&quot;:&quot;classic&quot;}\">\n\t\t\t\t\t\t\t<div class=\"elementor-background-overlay\"><\/div>\n\t\t\t\t\t\t\t<div class=\"elementor-container elementor-column-gap-no\">\n\t\t\t\t\t<div class=\"elementor-column elementor-col-100 elementor-top-column elementor-element elementor-element-e6c3cb2\" data-id=\"e6c3cb2\" data-element_type=\"column\" data-e-type=\"column\" data-settings=\"{&quot;background_background&quot;:&quot;classic&quot;}\">\n\t\t\t<div class=\"elementor-widget-wrap elementor-element-populated\">\n\t\t\t\t\t\t<section class=\"elementor-section elementor-inner-section elementor-element elementor-element-8fe3c28 elementor-section-content-middle elementor-section-boxed elementor-section-height-default elementor-section-height-default\" data-id=\"8fe3c28\" data-element_type=\"section\" data-e-type=\"section\">\n\t\t\t\t\t\t<div class=\"elementor-container elementor-column-gap-no\">\n\t\t\t\t\t<div class=\"elementor-column elementor-col-33 elementor-inner-column elementor-element elementor-element-1d3972e\" data-id=\"1d3972e\" data-element_type=\"column\" data-e-type=\"column\">\n\t\t\t<div class=\"elementor-widget-wrap elementor-element-populated\">\n\t\t\t\t\t\t<div class=\"elementor-element elementor-element-97a9ca0 elementor-widget elementor-widget-image\" data-id=\"97a9ca0\" data-element_type=\"widget\" data-e-type=\"widget\" data-widget_type=\"image.default\">\n\t\t\t\t<div class=\"elementor-widget-container\">\n\t\t\t\t\t\t\t\t\t\t\t\t\t\t\t<img decoding=\"async\" width=\"150\" height=\"150\" src=\"https:\/\/visualgrafico.es\/wp-content\/uploads\/2023\/12\/YO-150x150.png\" class=\"attachment-thumbnail size-thumbnail wp-image-8521\" alt=\"\" srcset=\"https:\/\/visualgrafico.es\/wp-content\/uploads\/2023\/12\/YO-150x150.png 150w, https:\/\/visualgrafico.es\/wp-content\/uploads\/2023\/12\/YO-300x300.png 300w, https:\/\/visualgrafico.es\/wp-content\/uploads\/2023\/12\/YO.png 432w\" sizes=\"(max-width: 150px) 100vw, 150px\" \/>\t\t\t\t\t\t\t\t\t\t\t\t\t\t\t<\/div>\n\t\t\t\t<\/div>\n\t\t\t\t\t<\/div>\n\t\t<\/div>\n\t\t\t\t<div class=\"elementor-column elementor-col-66 elementor-inner-column elementor-element elementor-element-793edbe\" data-id=\"793edbe\" data-element_type=\"column\" data-e-type=\"column\">\n\t\t\t<div class=\"elementor-widget-wrap elementor-element-populated\">\n\t\t\t\t\t\t<div class=\"elementor-element elementor-element-e08caa5 elementor-widget elementor-widget-text-editor\" data-id=\"e08caa5\" data-element_type=\"widget\" data-e-type=\"widget\" data-widget_type=\"text-editor.default\">\n\t\t\t\t<div class=\"elementor-widget-container\">\n\t\t\t\t\t\t\t\t\t<p>Soy un dise\u00f1ador gr\u00e1fico, t\u00e9cnico en Artes Gr\u00e1ficas con m\u00e1s de 25 a\u00f1os de experiencia, abarcando\u00a0 Dise\u00f1o Gr\u00e1fico\u00a0 &#8211; Desarrollo Web &#8211;\u00a0 Audiovisuales &#8211; Motion Graphisc y Servicios. Tambi\u00e9n ofrezco servicios adicionales de Imprenta, Rotulaci\u00f3n, Grabados Laser, Textil y Merchandasing, brindando soluciones completas.\u00a0<\/p><p>Mi enfoque vers\u00e1til y conocimiento profundo me permite ofrecer resultados visualmente atractivos y de alta calidad en todos los aspectos del proceso creativo y de producci\u00f3n.<\/p>\t\t\t\t\t\t\t\t<\/div>\n\t\t\t\t<\/div>\n\t\t\t\t\t<\/div>\n\t\t<\/div>\n\t\t\t\t\t<\/div>\n\t\t<\/section>\n\t\t\t\t\t<\/div>\n\t\t<\/div>\n\t\t\t\t\t<\/div>\n\t\t<\/section>\n\t\t<div class=\"elementor-element elementor-element-7be8761 e-flex e-con-boxed e-con e-parent\" data-id=\"7be8761\" data-element_type=\"container\" data-e-type=\"container\">\n\t\t\t\t\t<div class=\"e-con-inner\">\n\t\t\t\t<div class=\"elementor-element elementor-element-510e4c0 elementor-widget elementor-widget-loop-carousel\" data-id=\"510e4c0\" data-element_type=\"widget\" data-e-type=\"widget\" data-widget_type=\"loop-carousel.default\">\n\t\t\t\t<div class=\"elementor-widget-container\">\n\t\t\t\t\t \t\t\t\t<\/div>\n\t\t\t\t<\/div>\n\t\t\t\t\t<\/div>\n\t\t\t\t<\/div>\n\t\t\t\t<\/div>\n\t\t","protected":false},"excerpt":{"rendered":"<p>Sobre mi Me puedes encontrar&#8230;.. C\/ Mayor n.\u00ba 25 &#8211; 1.\u00ba. Tobarra. Albacete. Tlf. 634300950 Soy un dise\u00f1ador gr\u00e1fico, t\u00e9cnico en Artes Gr\u00e1ficas con m\u00e1s de 25 a\u00f1os de experiencia, abarcando\u00a0 Dise\u00f1o Gr\u00e1fico\u00a0 &#8211; Desarrollo Web &#8211;\u00a0 Audiovisuales &#8211; Motion Graphisc y Servicios. Tambi\u00e9n ofrezco servicios adicionales de Imprenta, Rotulaci\u00f3n, Grabados Laser, Textil y Merchandasing, &hellip;<\/p>\n<p class=\"read-more\"> <a class=\"\" href=\"https:\/\/visualgrafico.es\/index.php\/quienes-somos\/\"> <span class=\"screen-reader-text\">Quienes somos<\/span> Read More \u00bb<\/a><\/p>\n","protected":false},"author":1,"featured_media":0,"parent":0,"menu_order":0,"comment_status":"closed","ping_status":"closed","template":"","meta":{"_uag_custom_page_level_css":"","site-sidebar-layout":"no-sidebar","site-content-layout":"page-builder","ast-site-content-layout":"","site-content-style":"default","site-sidebar-style":"default","ast-global-header-display":"","ast-banner-title-visibility":"","ast-main-header-display":"","ast-hfb-above-header-display":"","ast-hfb-below-header-display":"","ast-hfb-mobile-header-display":"","site-post-title":"disabled","ast-breadcrumbs-content":"","ast-featured-img":"disabled","footer-sml-layout":"","theme-transparent-header-meta":"","adv-header-id-meta":"","stick-header-meta":"default","header-above-stick-meta":"","header-main-stick-meta":"","header-below-stick-meta":"","astra-migrate-meta-layouts":"","_joinchat":[],"footnotes":""},"class_list":["post-5925","page","type-page","status-publish","hentry"],"yoast_head":"<!-- This site is optimized with the Yoast SEO plugin v27.4 - https:\/\/yoast.com\/product\/yoast-seo-wordpress\/ -->\n<title>Quienes somos - Visual Servicios Gr\u00e1ficos<\/title>\n<meta name=\"robots\" content=\"index, follow, max-snippet:-1, max-image-preview:large, max-video-preview:-1\" \/>\n<link rel=\"canonical\" href=\"https:\/\/visualgrafico.es\/index.php\/quienes-somos\/\" \/>\n<meta property=\"og:locale\" content=\"es_ES\" \/>\n<meta property=\"og:type\" content=\"article\" \/>\n<meta property=\"og:title\" content=\"Quienes somos - Visual Servicios Gr\u00e1ficos\" \/>\n<meta property=\"og:description\" content=\"Sobre mi Me puedes encontrar&#8230;.. C\/ Mayor n.\u00ba 25 &#8211; 1.\u00ba. Tobarra. Albacete. Tlf. 634300950 Soy un dise\u00f1ador gr\u00e1fico, t\u00e9cnico en Artes Gr\u00e1ficas con m\u00e1s de 25 a\u00f1os de experiencia, abarcando\u00a0 Dise\u00f1o Gr\u00e1fico\u00a0 &#8211; Desarrollo Web &#8211;\u00a0 Audiovisuales &#8211; Motion Graphisc y Servicios. Tambi\u00e9n ofrezco servicios adicionales de Imprenta, Rotulaci\u00f3n, Grabados Laser, Textil y Merchandasing, &hellip; Quienes somos Read More \u00bb\" \/>\n<meta property=\"og:url\" content=\"https:\/\/visualgrafico.es\/index.php\/quienes-somos\/\" \/>\n<meta property=\"og:site_name\" content=\"Visual Servicios Gr\u00e1ficos\" \/>\n<meta property=\"article:modified_time\" content=\"2024-11-15T20:49:31+00:00\" \/>\n<meta property=\"og:image\" content=\"https:\/\/visualgrafico.es\/wp-content\/uploads\/2023\/12\/YO-150x150.png\" \/>\n<meta name=\"twitter:card\" content=\"summary_large_image\" \/>\n<meta name=\"twitter:label1\" content=\"Tiempo de lectura\" \/>\n\t<meta name=\"twitter:data1\" content=\"1 minuto\" \/>\n<script type=\"application\/ld+json\" class=\"yoast-schema-graph\">{\"@context\":\"https:\\\/\\\/schema.org\",\"@graph\":[{\"@type\":\"WebPage\",\"@id\":\"https:\\\/\\\/visualgrafico.es\\\/index.php\\\/quienes-somos\\\/\",\"url\":\"https:\\\/\\\/visualgrafico.es\\\/index.php\\\/quienes-somos\\\/\",\"name\":\"Quienes somos - Visual Servicios Gr\u00e1ficos\",\"isPartOf\":{\"@id\":\"https:\\\/\\\/visualgrafico.es\\\/#website\"},\"primaryImageOfPage\":{\"@id\":\"https:\\\/\\\/visualgrafico.es\\\/index.php\\\/quienes-somos\\\/#primaryimage\"},\"image\":{\"@id\":\"https:\\\/\\\/visualgrafico.es\\\/index.php\\\/quienes-somos\\\/#primaryimage\"},\"thumbnailUrl\":\"https:\\\/\\\/visualgrafico.es\\\/wp-content\\\/uploads\\\/2023\\\/12\\\/YO-150x150.png\",\"datePublished\":\"2017-11-17T15:38:20+00:00\",\"dateModified\":\"2024-11-15T20:49:31+00:00\",\"breadcrumb\":{\"@id\":\"https:\\\/\\\/visualgrafico.es\\\/index.php\\\/quienes-somos\\\/#breadcrumb\"},\"inLanguage\":\"es\",\"potentialAction\":[{\"@type\":\"ReadAction\",\"target\":[\"https:\\\/\\\/visualgrafico.es\\\/index.php\\\/quienes-somos\\\/\"]}]},{\"@type\":\"ImageObject\",\"inLanguage\":\"es\",\"@id\":\"https:\\\/\\\/visualgrafico.es\\\/index.php\\\/quienes-somos\\\/#primaryimage\",\"url\":\"https:\\\/\\\/visualgrafico.es\\\/wp-content\\\/uploads\\\/2023\\\/12\\\/YO.png\",\"contentUrl\":\"https:\\\/\\\/visualgrafico.es\\\/wp-content\\\/uploads\\\/2023\\\/12\\\/YO.png\",\"width\":432,\"height\":429},{\"@type\":\"BreadcrumbList\",\"@id\":\"https:\\\/\\\/visualgrafico.es\\\/index.php\\\/quienes-somos\\\/#breadcrumb\",\"itemListElement\":[{\"@type\":\"ListItem\",\"position\":1,\"name\":\"Portada\",\"item\":\"https:\\\/\\\/visualgrafico.es\\\/\"},{\"@type\":\"ListItem\",\"position\":2,\"name\":\"Quienes somos\"}]},{\"@type\":\"WebSite\",\"@id\":\"https:\\\/\\\/visualgrafico.es\\\/#website\",\"url\":\"https:\\\/\\\/visualgrafico.es\\\/\",\"name\":\"visualgrafico.es\",\"description\":\"\",\"publisher\":{\"@id\":\"https:\\\/\\\/visualgrafico.es\\\/#\\\/schema\\\/person\\\/0566f9f1f6e3e0b135091b753f73e148\"},\"potentialAction\":[{\"@type\":\"SearchAction\",\"target\":{\"@type\":\"EntryPoint\",\"urlTemplate\":\"https:\\\/\\\/visualgrafico.es\\\/?s={search_term_string}\"},\"query-input\":{\"@type\":\"PropertyValueSpecification\",\"valueRequired\":true,\"valueName\":\"search_term_string\"}}],\"inLanguage\":\"es\"},{\"@type\":[\"Person\",\"Organization\"],\"@id\":\"https:\\\/\\\/visualgrafico.es\\\/#\\\/schema\\\/person\\\/0566f9f1f6e3e0b135091b753f73e148\",\"name\":\"visual\",\"image\":{\"@type\":\"ImageObject\",\"inLanguage\":\"es\",\"@id\":\"https:\\\/\\\/visualgrafico.es\\\/wp-content\\\/uploads\\\/2023\\\/11\\\/cropped-vi3.png\",\"url\":\"https:\\\/\\\/visualgrafico.es\\\/wp-content\\\/uploads\\\/2023\\\/11\\\/cropped-vi3.png\",\"contentUrl\":\"https:\\\/\\\/visualgrafico.es\\\/wp-content\\\/uploads\\\/2023\\\/11\\\/cropped-vi3.png\",\"width\":854,\"height\":502,\"caption\":\"visual\"},\"logo\":{\"@id\":\"https:\\\/\\\/visualgrafico.es\\\/wp-content\\\/uploads\\\/2023\\\/11\\\/cropped-vi3.png\"},\"sameAs\":[\"http:\\\/\\\/visualgrafico.es\"]}]}<\/script>\n<!-- \/ Yoast SEO plugin. -->","yoast_head_json":{"title":"Quienes somos - Visual Servicios Gr\u00e1ficos","robots":{"index":"index","follow":"follow","max-snippet":"max-snippet:-1","max-image-preview":"max-image-preview:large","max-video-preview":"max-video-preview:-1"},"canonical":"https:\/\/visualgrafico.es\/index.php\/quienes-somos\/","og_locale":"es_ES","og_type":"article","og_title":"Quienes somos - Visual Servicios Gr\u00e1ficos","og_description":"Sobre mi Me puedes encontrar&#8230;.. C\/ Mayor n.\u00ba 25 &#8211; 1.\u00ba. Tobarra. Albacete. Tlf. 634300950 Soy un dise\u00f1ador gr\u00e1fico, t\u00e9cnico en Artes Gr\u00e1ficas con m\u00e1s de 25 a\u00f1os de experiencia, abarcando\u00a0 Dise\u00f1o Gr\u00e1fico\u00a0 &#8211; Desarrollo Web &#8211;\u00a0 Audiovisuales &#8211; Motion Graphisc y Servicios. Tambi\u00e9n ofrezco servicios adicionales de Imprenta, Rotulaci\u00f3n, Grabados Laser, Textil y Merchandasing, &hellip; Quienes somos Read More \u00bb","og_url":"https:\/\/visualgrafico.es\/index.php\/quienes-somos\/","og_site_name":"Visual Servicios Gr\u00e1ficos","article_modified_time":"2024-11-15T20:49:31+00:00","og_image":[{"url":"https:\/\/visualgrafico.es\/wp-content\/uploads\/2023\/12\/YO-150x150.png","type":"","width":"","height":""}],"twitter_card":"summary_large_image","twitter_misc":{"Tiempo de lectura":"1 minuto"},"schema":{"@context":"https:\/\/schema.org","@graph":[{"@type":"WebPage","@id":"https:\/\/visualgrafico.es\/index.php\/quienes-somos\/","url":"https:\/\/visualgrafico.es\/index.php\/quienes-somos\/","name":"Quienes somos - Visual Servicios Gr\u00e1ficos","isPartOf":{"@id":"https:\/\/visualgrafico.es\/#website"},"primaryImageOfPage":{"@id":"https:\/\/visualgrafico.es\/index.php\/quienes-somos\/#primaryimage"},"image":{"@id":"https:\/\/visualgrafico.es\/index.php\/quienes-somos\/#primaryimage"},"thumbnailUrl":"https:\/\/visualgrafico.es\/wp-content\/uploads\/2023\/12\/YO-150x150.png","datePublished":"2017-11-17T15:38:20+00:00","dateModified":"2024-11-15T20:49:31+00:00","breadcrumb":{"@id":"https:\/\/visualgrafico.es\/index.php\/quienes-somos\/#breadcrumb"},"inLanguage":"es","potentialAction":[{"@type":"ReadAction","target":["https:\/\/visualgrafico.es\/index.php\/quienes-somos\/"]}]},{"@type":"ImageObject","inLanguage":"es","@id":"https:\/\/visualgrafico.es\/index.php\/quienes-somos\/#primaryimage","url":"https:\/\/visualgrafico.es\/wp-content\/uploads\/2023\/12\/YO.png","contentUrl":"https:\/\/visualgrafico.es\/wp-content\/uploads\/2023\/12\/YO.png","width":432,"height":429},{"@type":"BreadcrumbList","@id":"https:\/\/visualgrafico.es\/index.php\/quienes-somos\/#breadcrumb","itemListElement":[{"@type":"ListItem","position":1,"name":"Portada","item":"https:\/\/visualgrafico.es\/"},{"@type":"ListItem","position":2,"name":"Quienes somos"}]},{"@type":"WebSite","@id":"https:\/\/visualgrafico.es\/#website","url":"https:\/\/visualgrafico.es\/","name":"visualgrafico.es","description":"","publisher":{"@id":"https:\/\/visualgrafico.es\/#\/schema\/person\/0566f9f1f6e3e0b135091b753f73e148"},"potentialAction":[{"@type":"SearchAction","target":{"@type":"EntryPoint","urlTemplate":"https:\/\/visualgrafico.es\/?s={search_term_string}"},"query-input":{"@type":"PropertyValueSpecification","valueRequired":true,"valueName":"search_term_string"}}],"inLanguage":"es"},{"@type":["Person","Organization"],"@id":"https:\/\/visualgrafico.es\/#\/schema\/person\/0566f9f1f6e3e0b135091b753f73e148","name":"visual","image":{"@type":"ImageObject","inLanguage":"es","@id":"https:\/\/visualgrafico.es\/wp-content\/uploads\/2023\/11\/cropped-vi3.png","url":"https:\/\/visualgrafico.es\/wp-content\/uploads\/2023\/11\/cropped-vi3.png","contentUrl":"https:\/\/visualgrafico.es\/wp-content\/uploads\/2023\/11\/cropped-vi3.png","width":854,"height":502,"caption":"visual"},"logo":{"@id":"https:\/\/visualgrafico.es\/wp-content\/uploads\/2023\/11\/cropped-vi3.png"},"sameAs":["http:\/\/visualgrafico.es"]}]}},"uagb_featured_image_src":{"full":false,"thumbnail":false,"medium":false,"medium_large":false,"large":false,"1536x1536":false,"2048x2048":false,"woocommerce_thumbnail":false,"woocommerce_single":false,"woocommerce_gallery_thumbnail":false},"uagb_author_info":{"display_name":"visualgrafico.es","author_link":"https:\/\/visualgrafico.es\/index.php\/author\/visualgrafico-es\/"},"uagb_comment_info":0,"uagb_excerpt":"Sobre mi Me puedes encontrar&#8230;.. C\/ Mayor n.\u00ba 25 &#8211; 1.\u00ba. Tobarra. Albacete. Tlf. 634300950 Soy un dise\u00f1ador gr\u00e1fico, t\u00e9cnico en Artes Gr\u00e1ficas con m\u00e1s de 25 a\u00f1os de experiencia, abarcando\u00a0 Dise\u00f1o Gr\u00e1fico\u00a0 &#8211; Desarrollo Web &#8211;\u00a0 Audiovisuales &#8211; Motion Graphisc y Servicios. Tambi\u00e9n ofrezco servicios adicionales de Imprenta, Rotulaci\u00f3n, Grabados Laser, Textil y Merchandasing,&hellip;","jetpack_sharing_enabled":true,"_links":{"self":[{"href":"https:\/\/visualgrafico.es\/index.php\/wp-json\/wp\/v2\/pages\/5925","targetHints":{"allow":["GET"]}}],"collection":[{"href":"https:\/\/visualgrafico.es\/index.php\/wp-json\/wp\/v2\/pages"}],"about":[{"href":"https:\/\/visualgrafico.es\/index.php\/wp-json\/wp\/v2\/types\/page"}],"author":[{"embeddable":true,"href":"https:\/\/visualgrafico.es\/index.php\/wp-json\/wp\/v2\/users\/1"}],"replies":[{"embeddable":true,"href":"https:\/\/visualgrafico.es\/index.php\/wp-json\/wp\/v2\/comments?post=5925"}],"version-history":[{"count":89,"href":"https:\/\/visualgrafico.es\/index.php\/wp-json\/wp\/v2\/pages\/5925\/revisions"}],"predecessor-version":[{"id":8729,"href":"https:\/\/visualgrafico.es\/index.php\/wp-json\/wp\/v2\/pages\/5925\/revisions\/8729"}],"wp:attachment":[{"href":"https:\/\/visualgrafico.es\/index.php\/wp-json\/wp\/v2\/media?parent=5925"}],"curies":[{"name":"wp","href":"https:\/\/api.w.org\/{rel}","templated":true}]}}